{"id":983,"date":"2023-03-12T16:27:40","date_gmt":"2023-03-12T16:27:40","guid":{"rendered":"https:\/\/dziesmusvetkutelpa.lv\/?page_id=983"},"modified":"2026-01-21T15:46:46","modified_gmt":"2026-01-21T15:46:46","slug":"address-hours-tickets","status":"publish","type":"page","link":"https:\/\/dziesmusvetkutelpa.lv\/en\/visit\/address-hours-tickets\/","title":{"rendered":"Address, Hours, Tickets"},"content":{"rendered":"\n<div class=\"wp-block-columns is-layout-flex wp-container-core-columns-is-layout-9d6595d7 wp-block-columns-is-layout-flex\">\n<div class=\"wp-block-column is-layout-flow wp-block-column-is-layout-flow\" style=\"flex-basis:55%\">\n<figure class=\"wp-block-image size-large\"><img loading=\"lazy\" decoding=\"async\" width=\"1024\" height=\"683\" src=\"https:\/\/dziesmusvetkutelpa.lv\/wp-content\/uploads\/2023\/09\/IMG_0305-min-1024x683.jpg\" alt=\"\" class=\"wp-image-1358\" srcset=\"https:\/\/dziesmusvetkutelpa.lv\/wp-content\/uploads\/2023\/09\/IMG_0305-min-1024x683.jpg 1024w, https:\/\/dziesmusvetkutelpa.lv\/wp-content\/uploads\/2023\/09\/IMG_0305-min-1536x1024.jpg 1536w, https:\/\/dziesmusvetkutelpa.lv\/wp-content\/uploads\/2023\/09\/IMG_0305-min-2048x1365.jpg 2048w, https:\/\/dziesmusvetkutelpa.lv\/wp-content\/uploads\/2023\/09\/IMG_0305-min-1125x750.jpg 1125w, https:\/\/dziesmusvetkutelpa.lv\/wp-content\/uploads\/2023\/09\/IMG_0305-min-2000x1333.jpg 2000w\" sizes=\"auto, (max-width: 1024px) 100vw, 1024px\" \/><\/figure>\n<\/div>\n\n\n\n<div class=\"wp-block-column is-layout-flow wp-block-column-is-layout-flow\" style=\"flex-basis:45%\">\n<p>Latvian National Museum of Literature and music exhibition <em>SongSpace<\/em><br><br>Me\u017eaparks Grand Bandstand<br>L\u016bcijas Gar\u016btas aleja 8<br>Riga, LV 1034, Latvia<br>Phone: <a href=\"tel:+371 28 770 361\">+371 28 770 361<\/a><br>E-mail: <a href=\"mailto:dziesmusvetkutelpa@rmm.lv\">dziesmusvetkutelpa@lnrmm.gov.lv<\/a><\/p>\n\n\n\n<p>Entrance to the exhibition is through&nbsp;the 2nd gate of Me\u017eaparks Grand Bandstand.<\/p>\n<\/div>\n<\/div>\n\n\n\n<p><\/p>\n\n\n\n<p><\/p>\n\n\n\n<h2 class=\"wp-block-heading\">Hours of Operation<\/h2>\n\n\n\n<p>Winter season (November &#8211; March):<\/p>\n\n\n\n<ul class=\"wp-block-list\">\n<li>Wednesday &#8211; Sunday: 11:00-17:00<\/li>\n\n\n\n<li>Monday, Tuesday: Closed<\/li>\n<\/ul>\n\n\n\n<p>Summer season (April &#8211; October):<\/p>\n\n\n\n<ul class=\"wp-block-list\">\n<li>Tuesday &#8211; Sunday: 11:00-18:00<\/li>\n\n\n\n<li>Monday: Closed<\/li>\n<\/ul>\n\n\n\n<p>The exhibition is closed on the following official holidays: January 1, Good Friday, Easter, Midsummer Days (June 23 and 24), Christmas (December 24 and 25), December 31.<\/p>\n\n\n\n<div style=\"height:21px\" aria-hidden=\"true\" class=\"wp-block-spacer\"><\/div>\n\n\n\n<h2 class=\"wp-block-heading\">Tickets<\/h2>\n\n\n\n<p>Tickets can be purchased online or at the exhibition ticket office.&nbsp;The exhibition ticket office closes 30 minutes before the end of the exhibition&#8217;s working hours.&nbsp;You may enter the exhibition only upon presentation of a valid ticket.<\/p>\n\n\n\n<p>To ensure the best possible viewing experience, we recommend visiting at your designated time slot \u2013 11:00, 12:00, 13:00, 14:00, 15:00, 16:00, 17:00<\/p>\n\n\n\n<div style=\"height:21px\" aria-hidden=\"true\" class=\"wp-block-spacer\"><\/div>\n\n\n\n<p><strong>Ticket prices<\/strong><\/p>\n\n\n\n<figure class=\"wp-block-table\"><table><tbody><tr><td>Adults<\/td><td>EUR 8,00<\/td><\/tr><tr><td>Students, Seniors*<\/td><td>EUR 5,00<\/td><\/tr><tr><td>School Children<\/td><td>EUR 3,00<\/td><\/tr><tr><td>Family Ticket (1 Adult and 1 &#8211; 4 Children)<\/td><td>EUR 8,00<\/td><\/tr><tr><td>Family Ticket (2 Adults and 1 &#8211; 4 Children)<\/td><td>EUR 16,00<\/td><\/tr><tr><td><a href=\"https:\/\/dziesmusvetkutelpa.lv\/en\/visit\/address-hours-tickets\/free-tickets\/\">Free ticket<\/a><\/td><td>EUR 0,00<\/td><\/tr><\/tbody><\/table><figcaption class=\"wp-element-caption\">* must provide valid documentation<\/figcaption><\/figure>\n\n\n\n<a href=\"https:\/\/biletes.rmm.lv\/en\/timeslots\/host\/4\" class=\"tickets-link\" target=\"_blank\" style=\"margin-top: 20px; text-decoration: none;\" rel=\"noopener\">Buy tickets<\/a>\n\n\n\n<div style=\"height:41px\" aria-hidden=\"true\" class=\"wp-block-spacer\"><\/div>\n\n\n\n<figure class=\"wp-block-embed is-type-video is-provider-youtube wp-block-embed-youtube wp-embed-aspect-16-9 wp-has-aspect-ratio\"><div class=\"wp-block-embed__wrapper\">\n<iframe loading=\"lazy\" title=\"Rakstniec\u012bbas un m\u016bzikas muzeja ekspoz\u012bcija &quot;Dziesmusv\u0113tku telpa&quot;\" width=\"500\" height=\"281\" src=\"https:\/\/www.youtube.com\/embed\/k83eS-XSnyQ?feature=oembed\" frameborder=\"0\" allow=\"accelerometer; autoplay; clipboard-write; encrypted-media; gyroscope; picture-in-picture; web-share\" referrerpolicy=\"strict-origin-when-cross-origin\" allowfullscreen><\/iframe>\n<\/div><figcaption class=\"wp-element-caption\">The Latvian Museum of Literature and Music exhibition <em>SongSpace<\/em><\/figcaption><\/figure>\n\n\n\n<figure class=\"wp-block-embed is-type-video is-provider-youtube wp-block-embed-youtube wp-embed-aspect-16-9 wp-has-aspect-ratio\"><div class=\"wp-block-embed__wrapper\">\n<iframe loading=\"lazy\" title=\"How it feels to be Latvian\" width=\"500\" height=\"281\" src=\"https:\/\/www.youtube.com\/embed\/sjo87dKXJNo?feature=oembed\" frameborder=\"0\" allow=\"accelerometer; autoplay; clipboard-write; encrypted-media; gyroscope; picture-in-picture; web-share\" referrerpolicy=\"strict-origin-when-cross-origin\" allowfullscreen><\/iframe>\n<\/div><\/figure>\n","protected":false},"excerpt":{"rendered":"<p>Latvian National Museum of Literature and music exhibition SongSpace Me\u017eaparks Grand BandstandL\u016bcijas Gar\u016btas aleja 8Riga, LV 1034, LatviaPhone: +371 28 770 361E-mail: dziesmusvetkutelpa@lnrmm.gov.lv Entrance to the exhibition is through&nbsp;the 2nd gate of Me\u017eaparks Grand Bandstand. Hours of Operation Winter season (November &#8211; March): Summer season (April &#8211; October): The exhibition is closed on the following [&hellip;]<\/p>\n","protected":false},"author":9,"featured_media":0,"parent":981,"menu_order":3,"comment_status":"closed","ping_status":"closed","template":"","meta":{"_acf_changed":false,"inline_featured_image":false,"footnotes":""},"class_list":["post-983","page","type-page","status-publish","hentry"],"acf":[],"jetpack_sharing_enabled":true,"_links":{"self":[{"href":"https:\/\/dziesmusvetkutelpa.lv\/en\/wp-json\/wp\/v2\/pages\/983","targetHints":{"allow":["GET"]}}],"collection":[{"href":"https:\/\/dziesmusvetkutelpa.lv\/en\/wp-json\/wp\/v2\/pages"}],"about":[{"href":"https:\/\/dziesmusvetkutelpa.lv\/en\/wp-json\/wp\/v2\/types\/page"}],"author":[{"embeddable":true,"href":"https:\/\/dziesmusvetkutelpa.lv\/en\/wp-json\/wp\/v2\/users\/9"}],"replies":[{"embeddable":true,"href":"https:\/\/dziesmusvetkutelpa.lv\/en\/wp-json\/wp\/v2\/comments?post=983"}],"version-history":[{"count":41,"href":"https:\/\/dziesmusvetkutelpa.lv\/en\/wp-json\/wp\/v2\/pages\/983\/revisions"}],"predecessor-version":[{"id":3194,"href":"https:\/\/dziesmusvetkutelpa.lv\/en\/wp-json\/wp\/v2\/pages\/983\/revisions\/3194"}],"up":[{"embeddable":true,"href":"https:\/\/dziesmusvetkutelpa.lv\/en\/wp-json\/wp\/v2\/pages\/981"}],"wp:attachment":[{"href":"https:\/\/dziesmusvetkutelpa.lv\/en\/wp-json\/wp\/v2\/media?parent=983"}],"curies":[{"name":"wp","href":"https:\/\/api.w.org\/{rel}","templated":true}]}}