{"id":1086,"date":"2023-03-12T16:31:28","date_gmt":"2023-03-12T16:31:28","guid":{"rendered":"https:\/\/dziesmusvetkutelpa.lv\/about-us\/kontakti\/"},"modified":"2025-12-19T12:50:23","modified_gmt":"2025-12-19T12:50:23","slug":"contacts","status":"publish","type":"page","link":"https:\/\/dziesmusvetkutelpa.lv\/en\/about-us\/contacts\/","title":{"rendered":"Contacts"},"content":{"rendered":"\n<h1 class=\"wp-block-heading\">Staff <\/h1>\n\n\n\n<div style=\"height:20px\" aria-hidden=\"true\" class=\"wp-block-spacer\"><\/div>\n\n\n\n<div class=\"wp-block-columns is-layout-flex wp-container-core-columns-is-layout-9d6595d7 wp-block-columns-is-layout-flex\">\n<div class=\"wp-block-column is-layout-flow wp-block-column-is-layout-flow\">\n<p><strong>Ed\u012bte Putni\u0146a<\/strong><br>Head of Exhibition<br>+371 28 770 361<br><a href=\"mailto:edite.putnina@rmm.gov.lv\">edite.putnina@lnrmm.gov.lv<\/a><\/p>\n\n\n\n<p><strong>Ieva Liepi\u0146a<\/strong><br>Collection Manager<br>+371 28 770 361<br><a href=\"mailto:ieva.liepina@rmm.gov.lv\">ieva.liepina@lnrmm.gov.lv<\/a><\/p>\n\n\n\n<p><strong>Kristians Kriev\u0101ns<\/strong><br>Museum Educator<br>+371 27 316 314<br><a href=\"mailto:kristians.krievans@rmm.gov.lv\">kristians.krievans@lnrmm.gov.lv<\/a><\/p>\n\n\n\n<p><strong>Adel\u012bna Andersone<\/strong><br>Museum Educator<br>+371 27 316 314<br><a href=\"mailto:kristians.krievans@rmm.gov.lv\">adelina.andersone@lnrmm.gov.lv<\/a><\/p>\n\n\n\n<p><\/p>\n<\/div>\n\n\n\n<div class=\"wp-block-column is-layout-flow wp-block-column-is-layout-flow\">\n<p><strong>Ilze Ma\u017e\u0101ne<\/strong><br>Curator<br>+371 28 770 361<br><a href=\"mailto:ilze.mazane@rmm.gov.lv\">ilze.mazane@lnrmm.gov.lv<\/a><\/p>\n\n\n\n<p><strong>Daiga Bondare<\/strong><br>Curator<br>+371 28 770 361<br><a href=\"mailto:daiga.bondare@rmm.gov.lv\">daiga.bondare@lnrmm.gov.lv<\/a><\/p>\n\n\n\n<p><strong>Amanta Arbid\u0101ne<\/strong><br>Curator<br>+371 28 770 361<br><a href=\"mailto:laura.svitina@rmm.gov.lv\">amanta.arbidane@lnrmm.gov.lv<\/a><\/p>\n\n\n\n<p><strong>Evel\u012bna Plostniece<\/strong><br>Curator<br>+371 28 770 361<br><a href=\"mailto:evelina.plostniece@rmm.gov.lv\">evelina.plostniece@lnrmm.gov.lv<\/a><\/p>\n\n\n\n<p><strong>Komunik\u0101cijas un m\u0101rketinga noda\u013ca<\/strong><br>+371 67 509 262<br><a href=\"mailto:marketings@rmm.gov.lv\">marketings@lnrmm.gov.lv<\/a><\/p>\n<\/div>\n<\/div>\n","protected":false},"excerpt":{"rendered":"<p>Staff Ed\u012bte Putni\u0146aHead of Exhibition+371 28 770 361edite.putnina@lnrmm.gov.lv Ieva Liepi\u0146aCollection Manager+371 28 770 361ieva.liepina@lnrmm.gov.lv Kristians Kriev\u0101nsMuseum Educator+371 27 316 314kristians.krievans@lnrmm.gov.lv Adel\u012bna AndersoneMuseum Educator+371 27 316 314adelina.andersone@lnrmm.gov.lv Ilze Ma\u017e\u0101neCurator+371 28 770 361ilze.mazane@lnrmm.gov.lv Daiga BondareCurator+371 28 770 361daiga.bondare@lnrmm.gov.lv Amanta Arbid\u0101neCurator+371 28 770 361amanta.arbidane@lnrmm.gov.lv Evel\u012bna PlostnieceCurator+371 28 770 361evelina.plostniece@lnrmm.gov.lv Komunik\u0101cijas un m\u0101rketinga noda\u013ca+371 67 509 262marketings@lnrmm.gov.lv<\/p>\n","protected":false},"author":9,"featured_media":0,"parent":1008,"menu_order":40,"comment_status":"closed","ping_status":"closed","template":"","meta":{"_acf_changed":false,"inline_featured_image":false,"footnotes":""},"class_list":["post-1086","page","type-page","status-publish","hentry"],"acf":[],"jetpack_sharing_enabled":true,"_links":{"self":[{"href":"https:\/\/dziesmusvetkutelpa.lv\/en\/wp-json\/wp\/v2\/pages\/1086","targetHints":{"allow":["GET"]}}],"collection":[{"href":"https:\/\/dziesmusvetkutelpa.lv\/en\/wp-json\/wp\/v2\/pages"}],"about":[{"href":"https:\/\/dziesmusvetkutelpa.lv\/en\/wp-json\/wp\/v2\/types\/page"}],"author":[{"embeddable":true,"href":"https:\/\/dziesmusvetkutelpa.lv\/en\/wp-json\/wp\/v2\/users\/9"}],"replies":[{"embeddable":true,"href":"https:\/\/dziesmusvetkutelpa.lv\/en\/wp-json\/wp\/v2\/comments?post=1086"}],"version-history":[{"count":11,"href":"https:\/\/dziesmusvetkutelpa.lv\/en\/wp-json\/wp\/v2\/pages\/1086\/revisions"}],"predecessor-version":[{"id":3149,"href":"https:\/\/dziesmusvetkutelpa.lv\/en\/wp-json\/wp\/v2\/pages\/1086\/revisions\/3149"}],"up":[{"embeddable":true,"href":"https:\/\/dziesmusvetkutelpa.lv\/en\/wp-json\/wp\/v2\/pages\/1008"}],"wp:attachment":[{"href":"https:\/\/dziesmusvetkutelpa.lv\/en\/wp-json\/wp\/v2\/media?parent=1086"}],"curies":[{"name":"wp","href":"https:\/\/api.w.org\/{rel}","templated":true}]}}