{"id":1024,"date":"2023-03-12T16:29:13","date_gmt":"2023-03-12T16:29:13","guid":{"rendered":"https:\/\/dziesmusvetkutelpa.lv\/exhibition\/kopienas-telpa\/"},"modified":"2025-06-13T16:34:06","modified_gmt":"2025-06-13T16:34:06","slug":"community-room","status":"publish","type":"page","link":"https:\/\/dziesmusvetkutelpa.lv\/en\/exhibition\/community-room\/","title":{"rendered":"Community Room"},"content":{"rendered":"\n<h1 class=\"wp-block-heading\">Community Room<\/h1>\n\n\n\n<p>The second floor of the exhibition is dedicated to activities, where the Celebration\u2019s participants, organizers, spectators, as well as anyone interested in learning about the tradition are invited to meet. It is a place that will contribute to the exploration of the Song and Dance Celebration tradition, the consolidation of information, as well as the physical and digital accessibility of materials.&nbsp;<\/p>\n\n\n<div id=\"\" class=\"block-photo-slider\">\n    <div style=\"background-image: url('https:\/\/dziesmusvetkutelpa.lv\/wp-content\/uploads\/2025\/06\/20240618085646_IMG_0502-1024x683.jpg')\" class=\"photo\"><\/div><div style=\"background-image: url('https:\/\/dziesmusvetkutelpa.lv\/wp-content\/uploads\/2025\/06\/Screenshot-2025-06-13-at-19.16.42.png')\" class=\"photo\"><\/div><div style=\"background-image: url('https:\/\/dziesmusvetkutelpa.lv\/wp-content\/uploads\/2023\/09\/janisphoto_118_small-1024x683.jpg')\" class=\"photo\"><\/div><div style=\"background-image: url('https:\/\/dziesmusvetkutelpa.lv\/wp-content\/uploads\/2023\/11\/image.jpeg')\" class=\"photo\"><\/div><\/div>\n\n\n<div style=\"height:20px\" aria-hidden=\"true\" class=\"wp-block-spacer\"><\/div>\n\n\n\n<div style=\"height:20px\" aria-hidden=\"true\" class=\"wp-block-spacer\"><\/div>\n\n\n\n<p>The community room offers:<\/p>\n\n\n\n<ul class=\"wp-block-list\">\n<li>Varying exhibitions<\/li>\n\n\n\n<li>A viewing of the unique <em>Una Corda Piano<\/em> built by craftsman D\u0101vids K\u013cavi\u0146\u0161<\/li>\n\n\n\n<li>An open-access bookshelf containing books about the Song Celebration, celebration catalogues (guides), materials about the celebrations in Latvia\u2019s different regions, sheet music and dance records from celebrations past, periodicals, articles, etc.&nbsp;<\/li>\n\n\n\n<li>A work environment that aids in research<\/li>\n\n\n\n<li>The opportunity to organize seminars, lectures, discussions, educational activities, and other events<\/li>\n<\/ul>\n\n\n\n<div style=\"height:20px\" aria-hidden=\"true\" class=\"wp-block-spacer\"><\/div>\n\n\n\n<h1 class=\"wp-block-heading\">Varying exhibitions<\/h1>\n\n\n\n<h2 class=\"wp-block-heading\">&#8220;J\u0113kabs \u2013 dejas Stumbris&#8221;<\/h2>\n\n\n<div id=\"\" class=\"block-photo-slider\">\n    <div style=\"background-image: url('https:\/\/dziesmusvetkutelpa.lv\/wp-content\/uploads\/2025\/06\/IMG_7859.jpg')\" class=\"photo\"><\/div><div style=\"background-image: url('https:\/\/dziesmusvetkutelpa.lv\/wp-content\/uploads\/2025\/06\/IMG_7763-2.jpg')\" class=\"photo\"><\/div><div style=\"background-image: url('https:\/\/dziesmusvetkutelpa.lv\/wp-content\/uploads\/2025\/06\/IMG_7870.jpg')\" class=\"photo\"><\/div><\/div>\n\n\n<p><\/p>\n\n\n\n<h2 class=\"wp-block-heading\">&#8220;SAN Dziesmusv\u0113tki&#8221;<\/h2>\n\n\n<div id=\"\" class=\"block-photo-slider\">\n    <div style=\"background-image: url('https:\/\/dziesmusvetkutelpa.lv\/wp-content\/uploads\/2024\/05\/DSC_0271-1024x683.jpg')\" class=\"photo\"><\/div><div style=\"background-image: url('https:\/\/dziesmusvetkutelpa.lv\/wp-content\/uploads\/2024\/05\/DSC_0459-1024x683.jpg')\" class=\"photo\"><\/div><div style=\"background-image: url('https:\/\/dziesmusvetkutelpa.lv\/wp-content\/uploads\/2024\/05\/DSC_0306-1024x683.jpg')\" class=\"photo\"><\/div><\/div>\n\n\n<div style=\"height:20px\" aria-hidden=\"true\" class=\"wp-block-spacer\"><\/div>\n\n\n\n<h2 class=\"wp-block-heading\">M\u0101ris B\u0113rzi\u0146\u0161, Anna Heinrihsone \u201cPast\u0101sti par dziesmusv\u0113tkiem\u201d<\/h2>\n\n\n<div id=\"\" class=\"block-photo-slider\">\n    <div style=\"background-image: url('https:\/\/dziesmusvetkutelpa.lv\/wp-content\/uploads\/2024\/02\/IMG_1796-2-1024x683.jpg')\" class=\"photo\"><\/div><div style=\"background-image: url('https:\/\/dziesmusvetkutelpa.lv\/wp-content\/uploads\/2024\/02\/IMG_1800-2-1024x683.jpg')\" class=\"photo\"><\/div><div style=\"background-image: url('https:\/\/dziesmusvetkutelpa.lv\/wp-content\/uploads\/2024\/02\/IMG_1802-1024x683.jpg')\" class=\"photo\"><\/div><\/div>","protected":false},"excerpt":{"rendered":"<p>Community Room The second floor of the exhibition is dedicated to activities, where the Celebration\u2019s participants, organizers, spectators, as well as anyone interested in learning about the tradition are invited to meet. It is a place that will contribute to the exploration of the Song and Dance Celebration tradition, the consolidation of information, as well [&hellip;]<\/p>\n","protected":false},"author":9,"featured_media":0,"parent":1022,"menu_order":15,"comment_status":"closed","ping_status":"closed","template":"","meta":{"_acf_changed":false,"inline_featured_image":false,"footnotes":""},"class_list":["post-1024","page","type-page","status-publish","hentry"],"acf":[],"jetpack_sharing_enabled":true,"_links":{"self":[{"href":"https:\/\/dziesmusvetkutelpa.lv\/en\/wp-json\/wp\/v2\/pages\/1024","targetHints":{"allow":["GET"]}}],"collection":[{"href":"https:\/\/dziesmusvetkutelpa.lv\/en\/wp-json\/wp\/v2\/pages"}],"about":[{"href":"https:\/\/dziesmusvetkutelpa.lv\/en\/wp-json\/wp\/v2\/types\/page"}],"author":[{"embeddable":true,"href":"https:\/\/dziesmusvetkutelpa.lv\/en\/wp-json\/wp\/v2\/users\/9"}],"replies":[{"embeddable":true,"href":"https:\/\/dziesmusvetkutelpa.lv\/en\/wp-json\/wp\/v2\/comments?post=1024"}],"version-history":[{"count":24,"href":"https:\/\/dziesmusvetkutelpa.lv\/en\/wp-json\/wp\/v2\/pages\/1024\/revisions"}],"predecessor-version":[{"id":2886,"href":"https:\/\/dziesmusvetkutelpa.lv\/en\/wp-json\/wp\/v2\/pages\/1024\/revisions\/2886"}],"up":[{"embeddable":true,"href":"https:\/\/dziesmusvetkutelpa.lv\/en\/wp-json\/wp\/v2\/pages\/1022"}],"wp:attachment":[{"href":"https:\/\/dziesmusvetkutelpa.lv\/en\/wp-json\/wp\/v2\/media?parent=1024"}],"curies":[{"name":"wp","href":"https:\/\/api.w.org\/{rel}","templated":true}]}}