{"id":1017,"date":"2023-03-12T16:28:57","date_gmt":"2023-03-12T16:28:57","guid":{"rendered":"https:\/\/dziesmusvetkutelpa.lv\/ekspozicija\/"},"modified":"2026-03-17T12:15:22","modified_gmt":"2026-03-17T12:15:22","slug":"exhibition","status":"publish","type":"page","link":"https:\/\/dziesmusvetkutelpa.lv\/en\/exhibition\/exhibition\/","title":{"rendered":"Exhibition"},"content":{"rendered":"\n<h1 class=\"wp-block-heading\">Exhibition<\/h1>\n\n\n\n<p><em>SongS<\/em>pace is a tribute to the inception, development, and continuation of the tradition of the Latvian Song and Dance Celebration. There are as many opportunities to experience the exposition as there are steps in the Participants\u2019 Parade. The information, aesthetic pleasure and emotions offered here is inextricably linked to the path each person has taken to get here.<\/p>\n\n\n\n<p><a href=\"https:\/\/dziesmusvetkutelpa.lv\/en\/exhibition\/exhibition\/manifest\/\">Manifest<\/a><\/p>\n\n\n\n<p><a href=\"https:\/\/izi.travel\/en\/d344-dziesmusvetku-telpa\/lv\">Audio guide<\/a><\/p>\n\n\n\n<hr class=\"wp-block-separator has-alpha-channel-opacity\"\/>\n\n\n\n<div style=\"height:20px\" aria-hidden=\"true\" class=\"wp-block-spacer\"><\/div>\n\n\n\n<h2 class=\"wp-block-heading\">The L\u012bgo Flag<\/h2>\n\n\n\n<p>The <em>L\u012bgo<\/em> flag is the most important symbol of the Latvian Song and Dance Celebration. Since the very first festival, the L\u012bgo flag has been carried at the front of the Song Celebration\u2019s opening procession. The original flag is kept in a museum because it is very fragile and requires careful preservation, therefore, the flag in our exhibition is a delicately crafted replica.&nbsp;<\/p>\n\n\n\n<div style=\"height:20px\" aria-hidden=\"true\" class=\"wp-block-spacer\"><\/div>\n\n\n<div id=\"\" class=\"block-photo-slider\">\n    <div style=\"background-image: url('https:\/\/dziesmusvetkutelpa.lv\/wp-content\/uploads\/2023\/11\/DSC_6699-1024x683.jpg')\" class=\"photo\"><\/div><div style=\"background-image: url('https:\/\/dziesmusvetkutelpa.lv\/wp-content\/uploads\/2023\/11\/DSC_7102-1024x683.jpg')\" class=\"photo\"><\/div><div style=\"background-image: url('https:\/\/dziesmusvetkutelpa.lv\/wp-content\/uploads\/2023\/05\/IMG_9011-1024x683.jpg')\" class=\"photo\"><\/div><div style=\"background-image: url('https:\/\/dziesmusvetkutelpa.lv\/wp-content\/uploads\/2023\/10\/IMG_0485-1-1024x683.jpg')\" class=\"photo\"><\/div><\/div>\n\n\n<div style=\"height:40px\" aria-hidden=\"true\" class=\"wp-block-spacer\"><\/div>\n\n\n\n<hr class=\"wp-block-separator has-alpha-channel-opacity\"\/>\n\n\n\n<div style=\"height:40px\" aria-hidden=\"true\" class=\"wp-block-spacer\"><\/div>\n\n\n\n<h2 class=\"wp-block-heading\">The Largest Choir in the World<\/h2>\n\n\n\n<p>The multimedia installation <em>The Largest Choir in the World<\/em> is an immersive, emotional adventure, where, on 128 screens, one can experience the powerful story of the Latvian Song Celebration. From the most serene sounds of Latvian nature to the massed choir of 16,000 voices singing in perfect harmony, the installation culminates in M\u0101rti\u0146\u0161 Braun\u2019s emblematic song <em>Sun, Thunder, Daugava<\/em> as it echoes through the Me\u017eaparks open air stage.&nbsp;<\/p>\n\n\n\n<div style=\"height:20px\" aria-hidden=\"true\" class=\"wp-block-spacer\"><\/div>\n\n\n<div id=\"\" class=\"block-photo-slider\">\n    <div style=\"background-image: url('https:\/\/dziesmusvetkutelpa.lv\/wp-content\/uploads\/2023\/11\/DSC_7089-2-1024x683.jpg')\" class=\"photo\"><\/div><div style=\"background-image: url('https:\/\/dziesmusvetkutelpa.lv\/wp-content\/uploads\/2023\/10\/IMG_0480_1-1024x683.jpg')\" class=\"photo\"><\/div><div style=\"background-image: url('https:\/\/dziesmusvetkutelpa.lv\/wp-content\/uploads\/2023\/11\/DSC_7106-1024x683.jpg')\" class=\"photo\"><\/div><div style=\"background-image: url('https:\/\/dziesmusvetkutelpa.lv\/wp-content\/uploads\/2023\/10\/IMG_0481-1024x683.jpg')\" class=\"photo\"><\/div><\/div>\n\n\n<div style=\"height:40px\" aria-hidden=\"true\" class=\"wp-block-spacer\"><\/div>\n\n\n\n<hr class=\"wp-block-separator has-alpha-channel-opacity\"\/>\n\n\n\n<div style=\"height:40px\" aria-hidden=\"true\" class=\"wp-block-spacer\"><\/div>\n\n\n\n<h2 class=\"wp-block-heading\">River of Time<\/h2>\n\n\n\n<p>The <em>River of Time<\/em> winds throughout the 150-year history of the Song and Dance Celebration. Faces, voices, stories, and memories merge into the <em>River of Time<\/em>, telling and testifying that the Song and Dance Celebration is not just a grand, breathtaking concert that occurs every five years, but rather an endless flow. It is a process of community building, coming together, singing and dancing with one another, and exploring folk music, folklore, and other expressions of the creativity of the human spirit that not only strive to strengthen and enrich the identity of the nation, but also to pass on the tradition. With each new generation, the contents of the Song and Dance Celebration changes and expands as it is expressed through each and every participant, supporter, spectator, critic, and doubter \u2013 thus, the largest choir in the world is created.&nbsp;<\/p>\n\n\n\n<div style=\"height:20px\" aria-hidden=\"true\" class=\"wp-block-spacer\"><\/div>\n\n\n<div id=\"\" class=\"block-photo-slider\">\n    <div style=\"background-image: url('https:\/\/dziesmusvetkutelpa.lv\/wp-content\/uploads\/2023\/05\/IMG_9078-1024x683.jpg')\" class=\"photo\"><\/div><div style=\"background-image: url('https:\/\/dziesmusvetkutelpa.lv\/wp-content\/uploads\/2024\/02\/IMG_0266-1024x683.jpg')\" class=\"photo\"><\/div><div style=\"background-image: url('https:\/\/dziesmusvetkutelpa.lv\/wp-content\/uploads\/2023\/11\/DSC_6840-1024x683.jpg')\" class=\"photo\"><\/div><div style=\"background-image: url('https:\/\/dziesmusvetkutelpa.lv\/wp-content\/uploads\/2025\/06\/Screenshot-2025-06-13-at-19.27.54-1024x681.png')\" class=\"photo\"><\/div><\/div>\n\n\n<div style=\"height:40px\" aria-hidden=\"true\" class=\"wp-block-spacer\"><\/div>\n\n\n\n<hr class=\"wp-block-separator has-alpha-channel-opacity\"\/>\n\n\n\n<div style=\"height:40px\" aria-hidden=\"true\" class=\"wp-block-spacer\"><\/div>\n\n\n\n<h2 class=\"wp-block-heading\">Choral Music Listening Chairs<\/h2>\n\n\n\n<p>Following the principle of the choral collection \u201cSong Jewels\u201d by author J\u0101nis Cimze, one of the first composers of Latvian professional music, the choral music listening chairs provide the opportunity to listen to 24 of the most frequently included songs in the Song and Dance Celebration repertoire.&nbsp; <\/p>\n\n\n\n<div style=\"height:20px\" aria-hidden=\"true\" class=\"wp-block-spacer\"><\/div>\n\n\n<div id=\"\" class=\"block-photo-slider\">\n    <div style=\"background-image: url('https:\/\/dziesmusvetkutelpa.lv\/wp-content\/uploads\/2023\/05\/IMG_9069-1024x683.jpg')\" class=\"photo\"><\/div><div style=\"background-image: url('https:\/\/dziesmusvetkutelpa.lv\/wp-content\/uploads\/2023\/11\/DSC_6735-1024x689.jpg')\" class=\"photo\"><\/div><div style=\"background-image: url('https:\/\/dziesmusvetkutelpa.lv\/wp-content\/uploads\/2023\/11\/DSC_7074-1024x683.jpg')\" class=\"photo\"><\/div><div style=\"background-image: url('https:\/\/dziesmusvetkutelpa.lv\/wp-content\/uploads\/2023\/11\/DSC_6759-1024x683.jpg')\" class=\"photo\"><\/div><\/div>\n\n\n<div style=\"height:40px\" aria-hidden=\"true\" class=\"wp-block-spacer\"><\/div>\n\n\n\n<p><hr class=\"wp-block-separator has-alpha-channel-opacity\" style=\"color: rgb(0, 0, 0); white-space: normal;\"><\/hr><\/p>\n\n\n\n<h2 class=\"wp-block-heading\">The &#8220;Sidraba Birzs&#8221; application<\/h2>\n\n\n\n<p>The &#8220;Sidraba Birzs&#8221; app offers a unique augmented reality experience at the Great Bandstand of Me\u017eaparks, where folk songs and the architectural concept behind the bandstand come to life through spatial 3D models and sound compositions.Download the app, grant access to your camera and GPS, go to the designated marker, and point your device\u2019s camera in its direction. You will see a spatially accurate 3D model and hear sound compositions that change depending on your movements within the bandstand. The app includes 5 outdoor and 1 indoor composition, illustrating the evolution of choral song culture from folk songs to the Song Festival, while also providing a visual insight into the architectural concept of the bandstand. We recommend using headphones to fully enjoy the immersive soundscape and visual experience.<\/p>\n\n\n\n<figure class=\"wp-block-image size-full\"><img loading=\"lazy\" decoding=\"async\" width=\"704\" height=\"985\" src=\"https:\/\/dziesmusvetkutelpa.lv\/wp-content\/uploads\/2025\/06\/iekstelpa.jpg\" alt=\"\" class=\"wp-image-2790\" srcset=\"https:\/\/dziesmusvetkutelpa.lv\/wp-content\/uploads\/2025\/06\/iekstelpa.jpg 704w, https:\/\/dziesmusvetkutelpa.lv\/wp-content\/uploads\/2025\/06\/iekstelpa-536x750.jpg 536w\" sizes=\"auto, (max-width: 704px) 100vw, 704px\" \/><\/figure>\n","protected":false},"excerpt":{"rendered":"<p>Exhibition SongSpace is a tribute to the inception, development, and continuation of the tradition of the Latvian Song and Dance Celebration. There are as many opportunities to experience the exposition as there are steps in the Participants\u2019 Parade. The information, aesthetic pleasure and emotions offered here is inextricably linked to the path each person has [&hellip;]<\/p>\n","protected":false},"author":9,"featured_media":0,"parent":1022,"menu_order":11,"comment_status":"closed","ping_status":"closed","template":"","meta":{"_acf_changed":false,"inline_featured_image":false,"footnotes":""},"class_list":["post-1017","page","type-page","status-publish","hentry"],"acf":[],"jetpack_sharing_enabled":true,"_links":{"self":[{"href":"https:\/\/dziesmusvetkutelpa.lv\/en\/wp-json\/wp\/v2\/pages\/1017","targetHints":{"allow":["GET"]}}],"collection":[{"href":"https:\/\/dziesmusvetkutelpa.lv\/en\/wp-json\/wp\/v2\/pages"}],"about":[{"href":"https:\/\/dziesmusvetkutelpa.lv\/en\/wp-json\/wp\/v2\/types\/page"}],"author":[{"embeddable":true,"href":"https:\/\/dziesmusvetkutelpa.lv\/en\/wp-json\/wp\/v2\/users\/9"}],"replies":[{"embeddable":true,"href":"https:\/\/dziesmusvetkutelpa.lv\/en\/wp-json\/wp\/v2\/comments?post=1017"}],"version-history":[{"count":21,"href":"https:\/\/dziesmusvetkutelpa.lv\/en\/wp-json\/wp\/v2\/pages\/1017\/revisions"}],"predecessor-version":[{"id":3229,"href":"https:\/\/dziesmusvetkutelpa.lv\/en\/wp-json\/wp\/v2\/pages\/1017\/revisions\/3229"}],"up":[{"embeddable":true,"href":"https:\/\/dziesmusvetkutelpa.lv\/en\/wp-json\/wp\/v2\/pages\/1022"}],"wp:attachment":[{"href":"https:\/\/dziesmusvetkutelpa.lv\/en\/wp-json\/wp\/v2\/media?parent=1017"}],"curies":[{"name":"wp","href":"https:\/\/api.w.org\/{rel}","templated":true}]}}