{"id":1005,"date":"2023-05-09T06:07:32","date_gmt":"2023-05-09T06:07:32","guid":{"rendered":"https:\/\/dziesmusvetkutelpa.lv\/education\/peti-un-izzini\/"},"modified":"2023-06-19T13:35:49","modified_gmt":"2023-06-19T13:35:49","slug":"explore-and-discover","status":"publish","type":"page","link":"https:\/\/dziesmusvetkutelpa.lv\/en\/education\/explore-and-discover\/","title":{"rendered":"Explore and Discover"},"content":{"rendered":"\n<h1 class=\"wp-block-heading\">Explore and Discover<\/h1>\n\n\n\n<h2 class=\"wp-block-heading\">Where to find more information about the Song Celebration?<\/h2>\n\n\n\n<p>If you would like to do more research on a particular Song Celebration topic, take a look at this&nbsp;<strong>reference resource \u2013 <a rel=\"noreferrer noopener\" href=\"https:\/\/www.zotero.org\/groups\/4880505\/dziesmusvtku_telpa\/items\/CHKG97KB\/library\" target=\"_blank\">the SongSpace bibliography<\/a>.&nbsp;<\/strong><\/p>\n\n\n\n<p>includes around 2,000 items, which are divided into more than 30 subcategories and folders in order to ease the search for sources.&nbsp;<\/p>\n\n\n\n<p>You can use the search function to find specific materials, topics or works by a particular author.&nbsp;Zotero is an open-access reference management tool that also makes it easy to create a bibliographic reference.&nbsp;<\/p>\n\n\n\n<p>This bibliography also includes the study \u201c<a href=\"https:\/\/www.zotero.org\/groups\/329180\/dziesmu_un_deju_svtki\/library\" target=\"_blank\" rel=\"noreferrer noopener\">Song and Dance Celebration<\/a>\u201d, created by the researchers of the National Research Program project &#8220;Sustainability of Latvian Cultural Traditions in an Innovative Environment &#8211; Habitus&#8221;.<\/p>\n\n\n\n<div style=\"height:20px\" aria-hidden=\"true\" class=\"wp-block-spacer\"><\/div>\n\n\n\n<hr class=\"wp-block-separator has-alpha-channel-opacity\"\/>\n\n\n\n<div style=\"height:30px\" aria-hidden=\"true\" class=\"wp-block-spacer\"><\/div>\n\n\n\n<p>For a quick reference, please refer to the National Encyclopedia\u2019s section on&nbsp;General Latvian and Song Festivals&nbsp;and the digital collection&nbsp;<a href=\"https:\/\/dziesmusvetki.lndb.lv\/\" target=\"_blank\" rel=\"noreferrer noopener\">Song Festival Repository&nbsp;<\/a><\/p>\n\n\n\n<p><strong>The following books<\/strong>&nbsp;can be useful for becoming familiar with the tradition of the Song and Dance Celebration:<\/p>\n\n\n\n<ul class=\"wp-block-list\">\n<li>Berzkalns, Valentins (1965).&nbsp;History of the Latvian Song Festival: 1864\u20131940.&nbsp;Brooklyn: Book Friend.<\/li>\n\n\n\n<li>Berzkalns, Valentins (1968).&nbsp;Latvian Song Festival in Exile: 1946\u20131965.&nbsp;Brooklyn: Book Friend.&nbsp;See here&nbsp;.<\/li>\n\n\n\n<li>Grauzdi\u0146a Ilma, Ol\u0123erts Gr\u0101v\u012btis (1990).&nbsp;Song Festival in Latvia.&nbsp;Proceedings.&nbsp;Numbers.&nbsp;Facts.&nbsp;Riga: Latvia\u2019s Encyclopedia.&nbsp;<a rel=\"noreferrer noopener\" href=\"https:\/\/gramatas.lndb.lv\/periodika2-viewer\/?lang=fr#issue:650743\" target=\"_blank\">See here<\/a>.<\/li>\n\n\n\n<li>Grauzdi\u0146a, Ilma (2004).&nbsp;The Little Encyclopedia of the Song Festival.&nbsp;Riga: Musica Baltica.&nbsp;<a rel=\"noreferrer noopener\" href=\"https:\/\/gramatas.lndb.lv\/periodika2-viewer\/?lang=fr#issue:650679\" target=\"_blank\">See here<\/a>.<\/li>\n\n\n\n<li>Muktup\u0101vela, R\u016bta, Anda La\u0137e editor.&nbsp;(2018).&nbsp;Song and Dance Festival.&nbsp;Anatomy of Tradition.&nbsp;Riga: J\u0101nis Roze publishing house.&nbsp;It should be highlighted as the most recent collective monograph, which analyzes the legal, financial, social, educational and other prerequisites for inheriting the tradition.&nbsp;<\/li>\n<\/ul>\n\n\n\n<p>If you wish to find out more information, you may search for sources in the following <strong>memory institutions<\/strong>:<\/p>\n\n\n\n<ul class=\"wp-block-list\">\n<li>The materials stored in the RMM can be found in the museum&#8217;s object inventory system MUPUS.\u00a0This search tool can be used in the RMM reading room at Pulka Street 8 and in the exposition &#8220;Dziesmusv\u0113tku telpa&#8221; in Me\u017eaparks big stage.\u00a0<\/li>\n\n\n\n<li>The general catalog of the National Museum collection includes all objects and collections that are in the main collections of accredited state, municipal, autonomous, private museums.&nbsp;<a href=\"https:\/\/www.nmkk.lv\/\" target=\"_blank\" rel=\"noreferrer noopener\">https:\/\/www.nmkk.lv\/<\/a><\/li>\n\n\n\n<li><a href=\"http:\/\/eresursi.arhivi.gov.lv\/CoreBusiness\/DescriptionUnits\/F.PRP.VNB.A.MKL.aspx\">Search for LNA<\/a>&nbsp;in the unified archive information system search engine of the National Archives of Latvia.<\/li>\n\n\n\n<li>Library catalogs are also useful &#8211;&nbsp;<a rel=\"noreferrer noopener\" href=\"https:\/\/kopkatalogs.lv\/F\/69L6343GKGC5319DRA5NJQL6P2J2J9LGAVLTGR8T79PDAIAY7H-30769?func=find-b-0&amp;local_base=lnc04\" target=\"_blank\">Kopkatalogs<\/a>,&nbsp;<a rel=\"noreferrer noopener\" href=\"https:\/\/lndb.lv\/\" target=\"_blank\">the search engine of the Latvian National Digital Library<\/a>&nbsp;and&nbsp;<a rel=\"noreferrer noopener\" href=\"https:\/\/periodika.lndb.lv\/\" target=\"_blank\">periodicals<\/a>&nbsp;,&nbsp;<a rel=\"noreferrer noopener\" href=\"https:\/\/gramatas.lndb.lv\/\" target=\"_blank\">books<\/a>&nbsp;from various databases .&nbsp;<\/li>\n<\/ul>\n\n\n\n<p>For more information about this year&#8217;s festival, please visit the website of the XXVII General Latvian Song and XVII Dance Festival&nbsp;<a href=\"https:\/\/www.dziesmusvetki.lv\/lv\/\" target=\"_blank\" rel=\"noreferrer noopener\">https:\/\/www.dziesmusvetki.lv\/lv\/<\/a>&nbsp;<\/p>\n","protected":false},"excerpt":{"rendered":"<p>Explore and Discover Where to find more information about the Song Celebration? If you would like to do more research on a particular Song Celebration topic, take a look at this&nbsp;reference resource \u2013 the SongSpace bibliography.&nbsp; includes around 2,000 items, which are divided into more than 30 subcategories and folders in order to ease the [&hellip;]<\/p>\n","protected":false},"author":9,"featured_media":0,"parent":997,"menu_order":30,"comment_status":"closed","ping_status":"closed","template":"","meta":{"_acf_changed":false,"inline_featured_image":false,"footnotes":""},"class_list":["post-1005","page","type-page","status-publish","hentry"],"acf":[],"jetpack_sharing_enabled":true,"_links":{"self":[{"href":"https:\/\/dziesmusvetkutelpa.lv\/en\/wp-json\/wp\/v2\/pages\/1005","targetHints":{"allow":["GET"]}}],"collection":[{"href":"https:\/\/dziesmusvetkutelpa.lv\/en\/wp-json\/wp\/v2\/pages"}],"about":[{"href":"https:\/\/dziesmusvetkutelpa.lv\/en\/wp-json\/wp\/v2\/types\/page"}],"author":[{"embeddable":true,"href":"https:\/\/dziesmusvetkutelpa.lv\/en\/wp-json\/wp\/v2\/users\/9"}],"replies":[{"embeddable":true,"href":"https:\/\/dziesmusvetkutelpa.lv\/en\/wp-json\/wp\/v2\/comments?post=1005"}],"version-history":[{"count":3,"href":"https:\/\/dziesmusvetkutelpa.lv\/en\/wp-json\/wp\/v2\/pages\/1005\/revisions"}],"predecessor-version":[{"id":1028,"href":"https:\/\/dziesmusvetkutelpa.lv\/en\/wp-json\/wp\/v2\/pages\/1005\/revisions\/1028"}],"up":[{"embeddable":true,"href":"https:\/\/dziesmusvetkutelpa.lv\/en\/wp-json\/wp\/v2\/pages\/997"}],"wp:attachment":[{"href":"https:\/\/dziesmusvetkutelpa.lv\/en\/wp-json\/wp\/v2\/media?parent=1005"}],"curies":[{"name":"wp","href":"https:\/\/api.w.org\/{rel}","templated":true}]}}